{"id":861,"date":"2025-05-09T13:25:05","date_gmt":"2025-05-09T13:25:05","guid":{"rendered":"https:\/\/www.teadaydreams.com\/?page_id=861"},"modified":"2025-12-21T03:04:16","modified_gmt":"2025-12-21T03:04:16","slug":"versand-lieferung","status":"publish","type":"page","link":"https:\/\/www.teadaydreams.com\/de\/versand-lieferung\/","title":{"rendered":"Zahlung &amp; Versand"},"content":{"rendered":"<p class=\"fonts-plugin-block \" style=\"font-family: myopensans\"><strong>Zahlungsmethoden<\/strong><br><br>F\u00fcr deine Bestellung bei <em><strong>teadaydreams<\/strong> <\/em>stehen dir folgende sichere Zahlungsm\u00f6glichkeiten zur Verf\u00fcgung:<br><br><strong>PayPal<\/strong><br>Schnell und einfach mit deinem PayPal-Konto bezahlen.<br><br><strong>Kartenzahlung<\/strong><br>Wir akzeptieren Kreditkarten (Visa, Mastercard, American Express), Debitkarten (Visa Debit, Mastercard Debit) und Maestro (sofern von der Bank f\u00fcr Online-Zahlungen freigegeben). Die Zahlung erfolgt verschl\u00fcsselt und sicher.<br><br><strong>EPS-\u00dcberweisung<\/strong><br>F\u00fcr Kund:innen aus \u00d6sterreich bieten wir die sichere Online-Zahlung per EPS an.<br><br><strong>Bank\u00fcberweisung (Vorkasse)<\/strong><br>Du erh\u00e4ltst nach Abschluss der Bestellung eine Rechnung mit unseren Bankdaten per E-Mail. Bitte gib deine Bestellnummer als Verwendungszweck an. Der Versand erfolgt nach Zahlungseingang.<br><br><br><strong>Versand<\/strong><br><br>Wir versenden mit der \u00f6sterreichischen Post oder einem zuverl\u00e4ssigen Versanddienstleister.<br><br><strong>Versandkosten<\/strong><br>Wir verrechnen folgende pauschale Versandkosten:<br><br><strong>\u00d6sterreich<\/strong>: Standardversand mit der \u00f6sterreichischen Post <strong>4,90 \u20ac<\/strong><br>Ab einem Bestellwert von <strong>89 \u20ac<\/strong> ist der Versand in \u00d6sterreich kostenlos.<br><br><strong>EU<\/strong>: Versandpauschale <strong>14,90 \u20ac<\/strong><br>Ab einem Bestellwert von <strong>129 \u20ac<\/strong> ist der Versand EU-weit kostenlos.<br><br><strong>Lieferzeit<\/strong><br>Innerhalb \u00d6sterreichs betr\u00e4gt die Lieferzeit in der Regel <strong>2\u20134 Werktage<\/strong>.<br>EU-weit dauert es meist <strong>3\u20136 Werktage<\/strong>.<br><br><strong>Lieferung in andere L\u00e4nder<\/strong><br>Auf Anfrage versenden wir auch in andere L\u00e4nder. Schreibe uns dazu bitte eine E-Mail an orders@teadaydreams.com.<br><br><br><strong>Hinweise<\/strong><br><br>Alle Preise sind Endpreise gem\u00e4\u00df \u00a7 6 Abs. 1 Z 27 UStG (Kleinunternehmerregelung) \u2013 es wird keine Umsatzsteuer ausgewiesen.<br><br>Unsere Tees sind kostbar \u2013 und verdienen ebenso sorgf\u00e4ltigen Schutz. Wir verpacken so umweltfreundlich wie m\u00f6glich und suchen stets die Balance zwischen Nachhaltigkeit und Produktsicherheit.<\/p>","protected":false},"excerpt":{"rendered":"","protected":false},"author":1,"featured_media":0,"parent":0,"menu_order":0,"comment_status":"closed","ping_status":"closed","template":"","meta":{"_coblocks_attr":"","_coblocks_dimensions":"","_coblocks_responsive_height":"","_coblocks_accordion_ie_support":"","inline_featured_image":false,"_monsterinsights_skip_tracking":false,"_monsterinsights_sitenote_active":false,"_monsterinsights_sitenote_note":"","_monsterinsights_sitenote_category":0,"_kadence_starter_templates_imported_post":false,"_kad_post_transparent":"","_kad_post_title":"","_kad_post_layout":"","_kad_post_sidebar_id":"","_kad_post_content_style":"","_kad_post_vertical_padding":"","_kad_post_feature":"","_kad_post_feature_position":"","_kad_post_header":false,"_kad_post_footer":false,"_kad_post_classname":"","footnotes":""},"class_list":["post-861","page","type-page","status-publish","hentry"],"yoast_head":"<!-- This site is optimized with the Yoast SEO plugin v27.4 - https:\/\/yoast.com\/product\/yoast-seo-wordpress\/ -->\n<title>Zahlung &amp; Versand - teadaydreams<\/title>\n<meta name=\"robots\" content=\"index, follow, max-snippet:-1, max-image-preview:large, max-video-preview:-1\" \/>\n<link rel=\"canonical\" href=\"https:\/\/www.teadaydreams.com\/de\/versand-lieferung\/\" \/>\n<meta property=\"og:locale\" content=\"de_DE\" \/>\n<meta property=\"og:type\" content=\"article\" \/>\n<meta property=\"og:title\" content=\"Zahlung &amp; Versand - teadaydreams\" \/>\n<meta property=\"og:url\" content=\"https:\/\/www.teadaydreams.com\/de\/versand-lieferung\/\" \/>\n<meta property=\"og:site_name\" content=\"teadaydreams\" \/>\n<meta property=\"article:modified_time\" content=\"2025-12-21T03:04:16+00:00\" \/>\n<meta name=\"twitter:card\" content=\"summary_large_image\" \/>\n<script type=\"application\/ld+json\" class=\"yoast-schema-graph\">{\"@context\":\"https:\\\/\\\/schema.org\",\"@graph\":[{\"@type\":\"WebPage\",\"@id\":\"https:\\\/\\\/www.teadaydreams.com\\\/versand-lieferung\\\/\",\"url\":\"https:\\\/\\\/www.teadaydreams.com\\\/versand-lieferung\\\/\",\"name\":\"Zahlung &amp; Versand - teadaydreams\",\"isPartOf\":{\"@id\":\"https:\\\/\\\/www.teadaydreams.com\\\/de\\\/#website\"},\"datePublished\":\"2025-05-09T13:25:05+00:00\",\"dateModified\":\"2025-12-21T03:04:16+00:00\",\"breadcrumb\":{\"@id\":\"https:\\\/\\\/www.teadaydreams.com\\\/versand-lieferung\\\/#breadcrumb\"},\"inLanguage\":\"de-AT\",\"potentialAction\":[{\"@type\":\"ReadAction\",\"target\":[\"https:\\\/\\\/www.teadaydreams.com\\\/versand-lieferung\\\/\"]}]},{\"@type\":\"BreadcrumbList\",\"@id\":\"https:\\\/\\\/www.teadaydreams.com\\\/versand-lieferung\\\/#breadcrumb\",\"itemListElement\":[{\"@type\":\"ListItem\",\"position\":1,\"name\":\"Home\",\"item\":\"https:\\\/\\\/www.teadaydreams.com\\\/\"},{\"@type\":\"ListItem\",\"position\":2,\"name\":\"Zahlung &amp; Versand\"}]},{\"@type\":\"WebSite\",\"@id\":\"https:\\\/\\\/www.teadaydreams.com\\\/de\\\/#website\",\"url\":\"https:\\\/\\\/www.teadaydreams.com\\\/de\\\/\",\"name\":\"teadaydreams\",\"description\":\"Make life a ceremony\",\"publisher\":{\"@id\":\"https:\\\/\\\/www.teadaydreams.com\\\/de\\\/#organization\"},\"potentialAction\":[{\"@type\":\"SearchAction\",\"target\":{\"@type\":\"EntryPoint\",\"urlTemplate\":\"https:\\\/\\\/www.teadaydreams.com\\\/de\\\/?s={search_term_string}\"},\"query-input\":{\"@type\":\"PropertyValueSpecification\",\"valueRequired\":true,\"valueName\":\"search_term_string\"}}],\"inLanguage\":\"de-AT\"},{\"@type\":\"Organization\",\"@id\":\"https:\\\/\\\/www.teadaydreams.com\\\/de\\\/#organization\",\"name\":\"teadaydreams\",\"url\":\"https:\\\/\\\/www.teadaydreams.com\\\/de\\\/\",\"logo\":{\"@type\":\"ImageObject\",\"inLanguage\":\"de-AT\",\"@id\":\"https:\\\/\\\/www.teadaydreams.com\\\/de\\\/#\\\/schema\\\/logo\\\/image\\\/\",\"url\":\"https:\\\/\\\/www.teadaydreams.com\\\/wp-content\\\/uploads\\\/2025\\\/05\\\/logo_header.svg\",\"contentUrl\":\"https:\\\/\\\/www.teadaydreams.com\\\/wp-content\\\/uploads\\\/2025\\\/05\\\/logo_header.svg\",\"width\":600,\"height\":200,\"caption\":\"teadaydreams\"},\"image\":{\"@id\":\"https:\\\/\\\/www.teadaydreams.com\\\/de\\\/#\\\/schema\\\/logo\\\/image\\\/\"}}]}<\/script>\n<!-- \/ Yoast SEO plugin. -->","yoast_head_json":{"title":"Zahlung &amp; Versand - teadaydreams","robots":{"index":"index","follow":"follow","max-snippet":"max-snippet:-1","max-image-preview":"max-image-preview:large","max-video-preview":"max-video-preview:-1"},"canonical":"https:\/\/www.teadaydreams.com\/de\/versand-lieferung\/","og_locale":"de_DE","og_type":"article","og_title":"Zahlung &amp; Versand - teadaydreams","og_url":"https:\/\/www.teadaydreams.com\/de\/versand-lieferung\/","og_site_name":"teadaydreams","article_modified_time":"2025-12-21T03:04:16+00:00","twitter_card":"summary_large_image","schema":{"@context":"https:\/\/schema.org","@graph":[{"@type":"WebPage","@id":"https:\/\/www.teadaydreams.com\/versand-lieferung\/","url":"https:\/\/www.teadaydreams.com\/versand-lieferung\/","name":"Zahlung &amp; Versand - teadaydreams","isPartOf":{"@id":"https:\/\/www.teadaydreams.com\/de\/#website"},"datePublished":"2025-05-09T13:25:05+00:00","dateModified":"2025-12-21T03:04:16+00:00","breadcrumb":{"@id":"https:\/\/www.teadaydreams.com\/versand-lieferung\/#breadcrumb"},"inLanguage":"de-AT","potentialAction":[{"@type":"ReadAction","target":["https:\/\/www.teadaydreams.com\/versand-lieferung\/"]}]},{"@type":"BreadcrumbList","@id":"https:\/\/www.teadaydreams.com\/versand-lieferung\/#breadcrumb","itemListElement":[{"@type":"ListItem","position":1,"name":"Home","item":"https:\/\/www.teadaydreams.com\/"},{"@type":"ListItem","position":2,"name":"Zahlung &amp; Versand"}]},{"@type":"WebSite","@id":"https:\/\/www.teadaydreams.com\/de\/#website","url":"https:\/\/www.teadaydreams.com\/de\/","name":"teadaydreams","description":"Make life a ceremony","publisher":{"@id":"https:\/\/www.teadaydreams.com\/de\/#organization"},"potentialAction":[{"@type":"SearchAction","target":{"@type":"EntryPoint","urlTemplate":"https:\/\/www.teadaydreams.com\/de\/?s={search_term_string}"},"query-input":{"@type":"PropertyValueSpecification","valueRequired":true,"valueName":"search_term_string"}}],"inLanguage":"de-AT"},{"@type":"Organization","@id":"https:\/\/www.teadaydreams.com\/de\/#organization","name":"teadaydreams","url":"https:\/\/www.teadaydreams.com\/de\/","logo":{"@type":"ImageObject","inLanguage":"de-AT","@id":"https:\/\/www.teadaydreams.com\/de\/#\/schema\/logo\/image\/","url":"https:\/\/www.teadaydreams.com\/wp-content\/uploads\/2025\/05\/logo_header.svg","contentUrl":"https:\/\/www.teadaydreams.com\/wp-content\/uploads\/2025\/05\/logo_header.svg","width":600,"height":200,"caption":"teadaydreams"},"image":{"@id":"https:\/\/www.teadaydreams.com\/de\/#\/schema\/logo\/image\/"}}]}},"_links":{"self":[{"href":"https:\/\/www.teadaydreams.com\/de\/wp-json\/wp\/v2\/pages\/861","targetHints":{"allow":["GET"]}}],"collection":[{"href":"https:\/\/www.teadaydreams.com\/de\/wp-json\/wp\/v2\/pages"}],"about":[{"href":"https:\/\/www.teadaydreams.com\/de\/wp-json\/wp\/v2\/types\/page"}],"author":[{"embeddable":true,"href":"https:\/\/www.teadaydreams.com\/de\/wp-json\/wp\/v2\/users\/1"}],"replies":[{"embeddable":true,"href":"https:\/\/www.teadaydreams.com\/de\/wp-json\/wp\/v2\/comments?post=861"}],"version-history":[{"count":4,"href":"https:\/\/www.teadaydreams.com\/de\/wp-json\/wp\/v2\/pages\/861\/revisions"}],"predecessor-version":[{"id":1848,"href":"https:\/\/www.teadaydreams.com\/de\/wp-json\/wp\/v2\/pages\/861\/revisions\/1848"}],"wp:attachment":[{"href":"https:\/\/www.teadaydreams.com\/de\/wp-json\/wp\/v2\/media?parent=861"}],"curies":[{"name":"wp","href":"https:\/\/api.w.org\/{rel}","templated":true}]}}