{"id":1762,"date":"2025-10-02T09:21:36","date_gmt":"2025-10-02T09:21:36","guid":{"rendered":"https:\/\/www.teadaydreams.com\/?post_type=product&#038;p=1762"},"modified":"2026-04-10T16:23:29","modified_gmt":"2026-04-10T16:23:29","slug":"secret-whisper","status":"publish","type":"product","link":"https:\/\/www.teadaydreams.com\/de\/product\/secret-whisper\/","title":{"rendered":"Secret Whisper"},"content":{"rendered":"<p>Magnolienbl\u00fcten verleihen diesem aromatischen Gr\u00fcntee eine sinnlich verf\u00fchrerische Note. Ihr \u00fcppiger Duft erz\u00e4hlt von Sehnsucht, Verlangen und s\u00fc\u00dfer Leidenschaft und zaubert raffinierte Eleganz in jede Tasse. <span style=\"font-family: myopensans;\">Wer Jasmintee mag, wird von diesem Tee \u00fcberrascht und begeistert sein.<\/span><\/p>\n","protected":false},"excerpt":{"rendered":"<p><span style=\"font-family: myopensans;\">Wild gepfl\u00fcckter Gr\u00fcntee mit Magnolienbl\u00fcten<\/span><\/p>\n","protected":false},"featured_media":1929,"comment_status":"open","ping_status":"closed","template":"","meta":{"_coblocks_attr":"","_coblocks_dimensions":"","_coblocks_responsive_height":"","_coblocks_accordion_ie_support":"","inline_featured_image":false,"_monsterinsights_skip_tracking":false,"_monsterinsights_sitenote_active":false,"_monsterinsights_sitenote_note":"","_monsterinsights_sitenote_category":0,"_kadence_starter_templates_imported_post":false,"_kad_post_transparent":"default","_kad_post_title":"","_kad_post_layout":"default","_kad_post_sidebar_id":"","_kad_post_content_style":"default","_kad_post_vertical_padding":"default","_kad_post_feature":"","_kad_post_feature_position":"","_kad_post_header":false,"_kad_post_footer":false,"_kad_post_classname":""},"product_brand":[],"product_cat":[34],"product_tag":[48,42,47,45,46,37],"class_list":{"0":"post-1762","1":"product","2":"type-product","3":"status-publish","4":"has-post-thumbnail","6":"product_cat-gruener_tee","7":"product_tag-cooling","8":"product_tag-energizing","9":"product_tag-floral","10":"product_tag-green","11":"product_tag-sweet","12":"product_tag-wild","14":"first","15":"instock","16":"featured","17":"shipping-taxable","18":"purchasable","19":"product-type-variable","20":"has-default-attributes","21":"entry","22":"content-bg","23":"loop-entry"},"yoast_head":"<!-- This site is optimized with the Yoast SEO plugin v27.4 - https:\/\/yoast.com\/product\/yoast-seo-wordpress\/ -->\n<title>Secret Whisper - teadaydreams<\/title>\n<meta name=\"description\" content=\"Wild gepfl\u00fcckter Gr\u00fcntee mit Pomelobl\u00fcten\" \/>\n<meta name=\"robots\" content=\"index, follow, max-snippet:-1, max-image-preview:large, max-video-preview:-1\" \/>\n<link rel=\"canonical\" href=\"https:\/\/www.teadaydreams.com\/de\/product\/secret-whisper\/\" \/>\n<meta property=\"og:locale\" content=\"de_DE\" \/>\n<meta property=\"og:type\" content=\"article\" \/>\n<meta property=\"og:title\" content=\"Secret Whisper - teadaydreams\" \/>\n<meta property=\"og:description\" content=\"Wild gepfl\u00fcckter Gr\u00fcntee mit Pomelobl\u00fcten\" \/>\n<meta property=\"og:url\" content=\"https:\/\/www.teadaydreams.com\/de\/product\/secret-whisper\/\" \/>\n<meta property=\"og:site_name\" content=\"teadaydreams\" \/>\n<meta property=\"article:modified_time\" content=\"2026-04-10T16:23:29+00:00\" \/>\n<meta property=\"og:image\" content=\"https:\/\/www.teadaydreams.com\/wp-content\/uploads\/2025\/10\/20240416_12042611-1.jpg\" \/>\n\t<meta property=\"og:image:width\" content=\"1000\" \/>\n\t<meta property=\"og:image:height\" content=\"1000\" \/>\n\t<meta property=\"og:image:type\" content=\"image\/jpeg\" \/>\n<meta name=\"twitter:card\" content=\"summary_large_image\" \/>\n<meta name=\"twitter:label1\" content=\"Gesch\u00e4tzte Lesezeit\" \/>\n\t<meta name=\"twitter:data1\" content=\"1 Minute\" \/>\n<script type=\"application\/ld+json\" class=\"yoast-schema-graph\">{\"@context\":\"https:\\\/\\\/schema.org\",\"@graph\":[{\"@type\":\"WebPage\",\"@id\":\"https:\\\/\\\/www.teadaydreams.com\\\/product\\\/secret-whisper\\\/\",\"url\":\"https:\\\/\\\/www.teadaydreams.com\\\/product\\\/secret-whisper\\\/\",\"name\":\"Secret Whisper - teadaydreams\",\"isPartOf\":{\"@id\":\"https:\\\/\\\/www.teadaydreams.com\\\/de\\\/#website\"},\"primaryImageOfPage\":{\"@id\":\"https:\\\/\\\/www.teadaydreams.com\\\/product\\\/secret-whisper\\\/#primaryimage\"},\"image\":{\"@id\":\"https:\\\/\\\/www.teadaydreams.com\\\/product\\\/secret-whisper\\\/#primaryimage\"},\"thumbnailUrl\":\"https:\\\/\\\/www.teadaydreams.com\\\/wp-content\\\/uploads\\\/2025\\\/10\\\/20240416_12042611-1.jpg\",\"datePublished\":\"2025-10-02T09:21:36+00:00\",\"dateModified\":\"2026-04-10T16:23:29+00:00\",\"description\":\"Wild gepfl\u00fcckter Gr\u00fcntee mit Pomelobl\u00fcten\",\"breadcrumb\":{\"@id\":\"https:\\\/\\\/www.teadaydreams.com\\\/product\\\/secret-whisper\\\/#breadcrumb\"},\"inLanguage\":\"de-AT\",\"potentialAction\":[{\"@type\":\"ReadAction\",\"target\":[\"https:\\\/\\\/www.teadaydreams.com\\\/product\\\/secret-whisper\\\/\"]}]},{\"@type\":\"ImageObject\",\"inLanguage\":\"de-AT\",\"@id\":\"https:\\\/\\\/www.teadaydreams.com\\\/product\\\/secret-whisper\\\/#primaryimage\",\"url\":\"https:\\\/\\\/www.teadaydreams.com\\\/wp-content\\\/uploads\\\/2025\\\/10\\\/20240416_12042611-1.jpg\",\"contentUrl\":\"https:\\\/\\\/www.teadaydreams.com\\\/wp-content\\\/uploads\\\/2025\\\/10\\\/20240416_12042611-1.jpg\",\"width\":1000,\"height\":1000},{\"@type\":\"BreadcrumbList\",\"@id\":\"https:\\\/\\\/www.teadaydreams.com\\\/product\\\/secret-whisper\\\/#breadcrumb\",\"itemListElement\":[{\"@type\":\"ListItem\",\"position\":1,\"name\":\"Home\",\"item\":\"https:\\\/\\\/www.teadaydreams.com\\\/\"},{\"@type\":\"ListItem\",\"position\":2,\"name\":\"Shop\",\"item\":\"https:\\\/\\\/www.teadaydreams.com\\\/shop\\\/\"},{\"@type\":\"ListItem\",\"position\":3,\"name\":\"Tee\",\"item\":\"https:\\\/\\\/www.teadaydreams.com\\\/product-category\\\/tee\\\/\"},{\"@type\":\"ListItem\",\"position\":4,\"name\":\"Gr\u00fcner Tee\",\"item\":\"https:\\\/\\\/www.teadaydreams.com\\\/product-category\\\/tee\\\/gruener_tee\\\/\"},{\"@type\":\"ListItem\",\"position\":5,\"name\":\"Secret Whisper\"}]},{\"@type\":\"WebSite\",\"@id\":\"https:\\\/\\\/www.teadaydreams.com\\\/de\\\/#website\",\"url\":\"https:\\\/\\\/www.teadaydreams.com\\\/de\\\/\",\"name\":\"teadaydreams\",\"description\":\"Make life a ceremony\",\"publisher\":{\"@id\":\"https:\\\/\\\/www.teadaydreams.com\\\/de\\\/#organization\"},\"potentialAction\":[{\"@type\":\"SearchAction\",\"target\":{\"@type\":\"EntryPoint\",\"urlTemplate\":\"https:\\\/\\\/www.teadaydreams.com\\\/de\\\/?s={search_term_string}\"},\"query-input\":{\"@type\":\"PropertyValueSpecification\",\"valueRequired\":true,\"valueName\":\"search_term_string\"}}],\"inLanguage\":\"de-AT\"},{\"@type\":\"Organization\",\"@id\":\"https:\\\/\\\/www.teadaydreams.com\\\/de\\\/#organization\",\"name\":\"teadaydreams\",\"url\":\"https:\\\/\\\/www.teadaydreams.com\\\/de\\\/\",\"logo\":{\"@type\":\"ImageObject\",\"inLanguage\":\"de-AT\",\"@id\":\"https:\\\/\\\/www.teadaydreams.com\\\/de\\\/#\\\/schema\\\/logo\\\/image\\\/\",\"url\":\"https:\\\/\\\/www.teadaydreams.com\\\/wp-content\\\/uploads\\\/2025\\\/05\\\/logo_header.svg\",\"contentUrl\":\"https:\\\/\\\/www.teadaydreams.com\\\/wp-content\\\/uploads\\\/2025\\\/05\\\/logo_header.svg\",\"width\":600,\"height\":200,\"caption\":\"teadaydreams\"},\"image\":{\"@id\":\"https:\\\/\\\/www.teadaydreams.com\\\/de\\\/#\\\/schema\\\/logo\\\/image\\\/\"}}]}<\/script>\n<!-- \/ Yoast SEO plugin. -->","yoast_head_json":{"title":"Secret Whisper - teadaydreams","description":"Wild gepfl\u00fcckter Gr\u00fcntee mit Pomelobl\u00fcten","robots":{"index":"index","follow":"follow","max-snippet":"max-snippet:-1","max-image-preview":"max-image-preview:large","max-video-preview":"max-video-preview:-1"},"canonical":"https:\/\/www.teadaydreams.com\/de\/product\/secret-whisper\/","og_locale":"de_DE","og_type":"article","og_title":"Secret Whisper - teadaydreams","og_description":"Wild gepfl\u00fcckter Gr\u00fcntee mit Pomelobl\u00fcten","og_url":"https:\/\/www.teadaydreams.com\/de\/product\/secret-whisper\/","og_site_name":"teadaydreams","article_modified_time":"2026-04-10T16:23:29+00:00","og_image":[{"width":1000,"height":1000,"url":"https:\/\/www.teadaydreams.com\/wp-content\/uploads\/2025\/10\/20240416_12042611-1.jpg","type":"image\/jpeg"}],"twitter_card":"summary_large_image","twitter_misc":{"Gesch\u00e4tzte Lesezeit":"1 Minute"},"schema":{"@context":"https:\/\/schema.org","@graph":[{"@type":"WebPage","@id":"https:\/\/www.teadaydreams.com\/product\/secret-whisper\/","url":"https:\/\/www.teadaydreams.com\/product\/secret-whisper\/","name":"Secret Whisper - teadaydreams","isPartOf":{"@id":"https:\/\/www.teadaydreams.com\/de\/#website"},"primaryImageOfPage":{"@id":"https:\/\/www.teadaydreams.com\/product\/secret-whisper\/#primaryimage"},"image":{"@id":"https:\/\/www.teadaydreams.com\/product\/secret-whisper\/#primaryimage"},"thumbnailUrl":"https:\/\/www.teadaydreams.com\/wp-content\/uploads\/2025\/10\/20240416_12042611-1.jpg","datePublished":"2025-10-02T09:21:36+00:00","dateModified":"2026-04-10T16:23:29+00:00","description":"Wild gepfl\u00fcckter Gr\u00fcntee mit Pomelobl\u00fcten","breadcrumb":{"@id":"https:\/\/www.teadaydreams.com\/product\/secret-whisper\/#breadcrumb"},"inLanguage":"de-AT","potentialAction":[{"@type":"ReadAction","target":["https:\/\/www.teadaydreams.com\/product\/secret-whisper\/"]}]},{"@type":"ImageObject","inLanguage":"de-AT","@id":"https:\/\/www.teadaydreams.com\/product\/secret-whisper\/#primaryimage","url":"https:\/\/www.teadaydreams.com\/wp-content\/uploads\/2025\/10\/20240416_12042611-1.jpg","contentUrl":"https:\/\/www.teadaydreams.com\/wp-content\/uploads\/2025\/10\/20240416_12042611-1.jpg","width":1000,"height":1000},{"@type":"BreadcrumbList","@id":"https:\/\/www.teadaydreams.com\/product\/secret-whisper\/#breadcrumb","itemListElement":[{"@type":"ListItem","position":1,"name":"Home","item":"https:\/\/www.teadaydreams.com\/"},{"@type":"ListItem","position":2,"name":"Shop","item":"https:\/\/www.teadaydreams.com\/shop\/"},{"@type":"ListItem","position":3,"name":"Tee","item":"https:\/\/www.teadaydreams.com\/product-category\/tee\/"},{"@type":"ListItem","position":4,"name":"Gr\u00fcner Tee","item":"https:\/\/www.teadaydreams.com\/product-category\/tee\/gruener_tee\/"},{"@type":"ListItem","position":5,"name":"Secret Whisper"}]},{"@type":"WebSite","@id":"https:\/\/www.teadaydreams.com\/de\/#website","url":"https:\/\/www.teadaydreams.com\/de\/","name":"teadaydreams","description":"Make life a ceremony","publisher":{"@id":"https:\/\/www.teadaydreams.com\/de\/#organization"},"potentialAction":[{"@type":"SearchAction","target":{"@type":"EntryPoint","urlTemplate":"https:\/\/www.teadaydreams.com\/de\/?s={search_term_string}"},"query-input":{"@type":"PropertyValueSpecification","valueRequired":true,"valueName":"search_term_string"}}],"inLanguage":"de-AT"},{"@type":"Organization","@id":"https:\/\/www.teadaydreams.com\/de\/#organization","name":"teadaydreams","url":"https:\/\/www.teadaydreams.com\/de\/","logo":{"@type":"ImageObject","inLanguage":"de-AT","@id":"https:\/\/www.teadaydreams.com\/de\/#\/schema\/logo\/image\/","url":"https:\/\/www.teadaydreams.com\/wp-content\/uploads\/2025\/05\/logo_header.svg","contentUrl":"https:\/\/www.teadaydreams.com\/wp-content\/uploads\/2025\/05\/logo_header.svg","width":600,"height":200,"caption":"teadaydreams"},"image":{"@id":"https:\/\/www.teadaydreams.com\/de\/#\/schema\/logo\/image\/"}}]}},"_links":{"self":[{"href":"https:\/\/www.teadaydreams.com\/de\/wp-json\/wp\/v2\/product\/1762","targetHints":{"allow":["GET"]}}],"collection":[{"href":"https:\/\/www.teadaydreams.com\/de\/wp-json\/wp\/v2\/product"}],"about":[{"href":"https:\/\/www.teadaydreams.com\/de\/wp-json\/wp\/v2\/types\/product"}],"replies":[{"embeddable":true,"href":"https:\/\/www.teadaydreams.com\/de\/wp-json\/wp\/v2\/comments?post=1762"}],"wp:featuredmedia":[{"embeddable":true,"href":"https:\/\/www.teadaydreams.com\/de\/wp-json\/wp\/v2\/media\/1929"}],"wp:attachment":[{"href":"https:\/\/www.teadaydreams.com\/de\/wp-json\/wp\/v2\/media?parent=1762"}],"wp:term":[{"taxonomy":"product_brand","embeddable":true,"href":"https:\/\/www.teadaydreams.com\/de\/wp-json\/wp\/v2\/product_brand?post=1762"},{"taxonomy":"product_cat","embeddable":true,"href":"https:\/\/www.teadaydreams.com\/de\/wp-json\/wp\/v2\/product_cat?post=1762"},{"taxonomy":"product_tag","embeddable":true,"href":"https:\/\/www.teadaydreams.com\/de\/wp-json\/wp\/v2\/product_tag?post=1762"}],"curies":[{"name":"wp","href":"https:\/\/api.w.org\/{rel}","templated":true}]}}