{"id":1816,"date":"2025-11-24T14:16:18","date_gmt":"2025-11-24T14:16:18","guid":{"rendered":"https:\/\/www.teadaydreams.com\/?post_type=product&#038;p=1816"},"modified":"2025-12-22T09:56:53","modified_gmt":"2025-12-22T09:56:53","slug":"exklusive-wildtee-geschenkbox","status":"publish","type":"product","link":"https:\/\/www.teadaydreams.com\/de\/product\/exklusive-wildtee-geschenkbox\/","title":{"rendered":"Exklusive Wildtee Geschenkbox"},"content":{"rendered":"<div class=\"draggable h-header-height bg-token-bg-primary sticky top-0 z-10 flex items-center border-transparent px-2 md:hidden print:hidden [box-shadow:var(--sharp-edge-top-shadow)]\">\n<div class=\"no-draggable flex-1\">\n<div class=\"flex items-center\">\n<p><span style=\"font-size: 15px;\"><strong style=\"font-family: inherit;\" data-start=\"112\" data-end=\"193\">Handgefertigte Keramik, drei Wildtees, viele ruhige Momente.<\/strong><\/span><\/p>\n<p><span style=\"font-size: 15px;\">Diese Geschenkbox vereint drei seltene Wildtees und eine handgefertigtes Ton-Teeset im Shiboridashi-Stil \u2013 gemacht f\u00fcr stille Momente und kleine Alltagsrituale.<\/span><\/p>\n<p><span style=\"font-size: 15px;\">Inhalt:<\/span><\/p>\n<\/div>\n<\/div>\n<\/div>\n<div id=\"thread\" class=\"group\/thread @container\/thread h-full w-full\">\n<div class=\"composer-parent flex flex-col focus-visible:outline-0 overflow-hidden h-full\" role=\"presentation\">\n<div class=\"relative basis-auto flex-col -mb-(--composer-overlap-px) [--composer-overlap-px:28px] grow flex overflow-hidden\">\n<div class=\"relative h-full\">\n<div class=\"flex h-full flex-col overflow-y-auto thread-xl:pt-(--header-height) [scrollbar-gutter:stable_both-edges]\">\n<div class=\"flex flex-col text-sm thread-xl:pt-header-height keyboard-open:pb-[calc(var(--composer-height,100px)+var(--screen-keyboard-height,0))] pb-25\">\n<article class=\"text-token-text-primary w-full focus:outline-none [--shadow-height:45px] has-data-writing-block:pointer-events-none has-data-writing-block:-mt-(--shadow-height) has-data-writing-block:pt-(--shadow-height) [&amp;:has([data-writing-block])&gt;*]:pointer-events-auto [content-visibility:auto] supports-[content-visibility:auto]:[contain-intrinsic-size:auto_100lvh] scroll-mt-[calc(var(--header-height)+min(200px,max(70px,20svh)))]\" dir=\"auto\" tabindex=\"-1\" data-turn-id=\"request-WEB:65b26678-9ccf-474f-a8f9-05b966af5d81-3\" data-testid=\"conversation-turn-8\" data-scroll-anchor=\"true\" data-turn=\"assistant\">\n<div class=\"text-base my-auto mx-auto pb-10 [--thread-content-margin:--spacing(4)] thread-sm:[--thread-content-margin:--spacing(6)] thread-lg:[--thread-content-margin:--spacing(16)] px-(--thread-content-margin)\">\n<div class=\"[--thread-content-max-width:40rem] thread-lg:[--thread-content-max-width:48rem] mx-auto max-w-(--thread-content-max-width) flex-1 group\/turn-messages focus-visible:outline-hidden relative flex w-full min-w-0 flex-col agent-turn\" tabindex=\"-1\">\n<div class=\"flex max-w-full flex-col grow\">\n<div class=\"min-h-8 text-message relative flex w-full flex-col items-end gap-2 text-start break-words whitespace-normal [.text-message+&amp;]:mt-1\" dir=\"auto\" data-message-author-role=\"assistant\" data-message-id=\"a791997c-ed97-4e5b-91b4-0747046ecb21\" data-message-model-slug=\"gpt-5-1\">\n<div class=\"flex w-full flex-col gap-1 empty:hidden first:pt-[1px]\">\n<div class=\"markdown prose dark:prose-invert w-full break-words light markdown-new-styling\">\n<ul data-start=\"416\" data-end=\"681\">\n<li data-start=\"416\" data-end=\"533\">\n<p data-start=\"418\" data-end=\"533\"><span style=\"font-size: 15px;\"><strong data-start=\"418\" data-end=\"455\">Keramik Teeset im Shiboridashi-Stil <\/strong>\u2013 von Hand gefertigt in Tschechien von Keramikk\u00fcnstler Petr Jurn\u00ed\u010dek, jedes St\u00fcck einzigartig, mit gleichm\u00e4\u00dfiger W\u00e4rmeverteilung und angenehm in der Hand. Fassungsverm\u00f6gen: 100ml.<\/span><\/p>\n<\/li>\n<li data-start=\"534\" data-end=\"681\">\n<p data-start=\"536\" data-end=\"681\"><span style=\"font-size: 15px;\"><strong data-start=\"536\" data-end=\"553\">Drei Wildtees<\/strong> \u2013 von Hand gepfl\u00fcckt und verarbeitet, direkt aus den Bergen Nordvietnams.<\/span><\/p>\n<\/li>\n<\/ul>\n<p data-start=\"683\" data-end=\"880\"><span style=\"font-size: 15px;\">Diese Box ist f\u00fcr Menschen, die echte Dinge sch\u00e4tzen: nat\u00fcrliche Materialien, klare Aromen, tiefe Ruhe. <\/span><span style=\"font-size: 15px;\">Ein wunderbares Geschenk \u2013 oder ein sch\u00f6ner Einstieg in deine eigene Tee-Praxis.<\/span><\/p>\n<p><span style=\"font-size: 15px;\">Die Standard-Geschenkbox beinhaltet jeweils 10g der folgenden drei Tees:<\/span><\/p>\n<ul>\n<li><span style=\"font-size: 15px;\"><a href=\"https:\/\/www.teadaydreams.com\/product\/morning-dew\/\">Morning Dew<\/a> &#8211; Wild gepfl\u00fcckter Wei\u00dfer Tee: ausgleichend &amp; harmonisierend<\/span><\/li>\n<li><span style=\"font-size: 15px;\"><a href=\"https:\/\/www.teadaydreams.com\/product\/innocent-dawn\/\">Innocent Dawn<\/a> &#8211; Wild gepfl\u00fcckter Gr\u00fcntee mit Pomelobl\u00fcten: erfrischend &amp; belebend<\/span><\/li>\n<li><span style=\"font-size: 15px;\"><a href=\"https:\/\/www.teadaydreams.com\/product\/second-summer\/\">Second Summer<\/a> &#8211; Wild gepfl\u00fcckter Oolong Tee: erdend &amp; energiespendend<\/span><\/li>\n<\/ul>\n<p><em><span style=\"font-size: 15px;\">Solltest du andere Tees in deiner Box w\u00fcnschen, schreib dies bitte bei deiner Bestellung ins Kommentarfeld.<\/span><\/em><\/p>\n<\/div>\n<\/div>\n<\/div>\n<\/div>\n<\/div>\n<\/div>\n<\/article>\n<\/div>\n<\/div>\n<\/div>\n<\/div>\n<\/div>\n<\/div>\n<p>&nbsp;<\/p>\n","protected":false},"excerpt":{"rendered":"<p><span style=\"font-size: 15px;\">Handgefertigte Keramik, drei Wildtees, viele ruhige Momente.<\/span><\/p>\n","protected":false},"featured_media":1820,"comment_status":"closed","ping_status":"closed","template":"","meta":{"_coblocks_attr":"","_coblocks_dimensions":"","_coblocks_responsive_height":"","_coblocks_accordion_ie_support":"","inline_featured_image":false,"_monsterinsights_skip_tracking":false,"_monsterinsights_sitenote_active":false,"_monsterinsights_sitenote_note":"","_monsterinsights_sitenote_category":0,"_kadence_starter_templates_imported_post":false,"_kad_post_transparent":"default","_kad_post_title":"","_kad_post_layout":"default","_kad_post_sidebar_id":"","_kad_post_content_style":"default","_kad_post_vertical_padding":"default","_kad_post_feature":"","_kad_post_feature_position":"","_kad_post_header":false,"_kad_post_footer":false,"_kad_post_classname":""},"product_brand":[],"product_cat":[87],"product_tag":[],"class_list":{"0":"post-1816","1":"product","2":"type-product","3":"status-publish","4":"has-post-thumbnail","6":"product_cat-geschenksets","8":"first","9":"instock","10":"shipping-taxable","11":"purchasable","12":"product-type-simple","13":"entry","14":"content-bg","15":"loop-entry"},"yoast_head":"<!-- This site is optimized with the Yoast SEO plugin v27.4 - https:\/\/yoast.com\/product\/yoast-seo-wordpress\/ -->\n<title>Exklusive Wildtee Geschenkbox - teadaydreams<\/title>\n<meta name=\"description\" content=\"Handgefertigte Keramik, drei Wildtees, viele ruhige Momente.\" \/>\n<meta name=\"robots\" content=\"index, follow, max-snippet:-1, max-image-preview:large, max-video-preview:-1\" \/>\n<link rel=\"canonical\" href=\"https:\/\/www.teadaydreams.com\/de\/product\/exklusive-wildtee-geschenkbox\/\" \/>\n<meta property=\"og:locale\" content=\"de_DE\" \/>\n<meta property=\"og:type\" content=\"article\" \/>\n<meta property=\"og:title\" content=\"Exklusive Wildtee Geschenkbox - teadaydreams\" \/>\n<meta property=\"og:description\" content=\"Handgefertigte Keramik, drei Wildtees, viele ruhige Momente.\" \/>\n<meta property=\"og:url\" content=\"https:\/\/www.teadaydreams.com\/de\/product\/exklusive-wildtee-geschenkbox\/\" \/>\n<meta property=\"og:site_name\" content=\"teadaydreams\" \/>\n<meta property=\"article:modified_time\" content=\"2025-12-22T09:56:53+00:00\" \/>\n<meta property=\"og:image\" content=\"https:\/\/www.teadaydreams.com\/wp-content\/uploads\/2025\/11\/20251124_1158011111.jpg\" \/>\n\t<meta property=\"og:image:width\" content=\"1048\" \/>\n\t<meta property=\"og:image:height\" content=\"1048\" \/>\n\t<meta property=\"og:image:type\" content=\"image\/jpeg\" \/>\n<meta name=\"twitter:card\" content=\"summary_large_image\" \/>\n<meta name=\"twitter:label1\" content=\"Gesch\u00e4tzte Lesezeit\" \/>\n\t<meta name=\"twitter:data1\" content=\"1 Minute\" \/>\n<script type=\"application\/ld+json\" class=\"yoast-schema-graph\">{\"@context\":\"https:\\\/\\\/schema.org\",\"@graph\":[{\"@type\":\"WebPage\",\"@id\":\"https:\\\/\\\/www.teadaydreams.com\\\/product\\\/exklusive-wildtee-geschenkbox\\\/\",\"url\":\"https:\\\/\\\/www.teadaydreams.com\\\/product\\\/exklusive-wildtee-geschenkbox\\\/\",\"name\":\"Exklusive Wildtee Geschenkbox - teadaydreams\",\"isPartOf\":{\"@id\":\"https:\\\/\\\/www.teadaydreams.com\\\/de\\\/#website\"},\"primaryImageOfPage\":{\"@id\":\"https:\\\/\\\/www.teadaydreams.com\\\/product\\\/exklusive-wildtee-geschenkbox\\\/#primaryimage\"},\"image\":{\"@id\":\"https:\\\/\\\/www.teadaydreams.com\\\/product\\\/exklusive-wildtee-geschenkbox\\\/#primaryimage\"},\"thumbnailUrl\":\"https:\\\/\\\/www.teadaydreams.com\\\/wp-content\\\/uploads\\\/2025\\\/11\\\/20251124_1158011111.jpg\",\"datePublished\":\"2025-11-24T14:16:18+00:00\",\"dateModified\":\"2025-12-22T09:56:53+00:00\",\"description\":\"Handgefertigte Keramik, drei Wildtees, viele ruhige Momente.\",\"breadcrumb\":{\"@id\":\"https:\\\/\\\/www.teadaydreams.com\\\/product\\\/exklusive-wildtee-geschenkbox\\\/#breadcrumb\"},\"inLanguage\":\"de-AT\",\"potentialAction\":[{\"@type\":\"ReadAction\",\"target\":[\"https:\\\/\\\/www.teadaydreams.com\\\/product\\\/exklusive-wildtee-geschenkbox\\\/\"]}]},{\"@type\":\"ImageObject\",\"inLanguage\":\"de-AT\",\"@id\":\"https:\\\/\\\/www.teadaydreams.com\\\/product\\\/exklusive-wildtee-geschenkbox\\\/#primaryimage\",\"url\":\"https:\\\/\\\/www.teadaydreams.com\\\/wp-content\\\/uploads\\\/2025\\\/11\\\/20251124_1158011111.jpg\",\"contentUrl\":\"https:\\\/\\\/www.teadaydreams.com\\\/wp-content\\\/uploads\\\/2025\\\/11\\\/20251124_1158011111.jpg\",\"width\":1048,\"height\":1048},{\"@type\":\"BreadcrumbList\",\"@id\":\"https:\\\/\\\/www.teadaydreams.com\\\/product\\\/exklusive-wildtee-geschenkbox\\\/#breadcrumb\",\"itemListElement\":[{\"@type\":\"ListItem\",\"position\":1,\"name\":\"Home\",\"item\":\"https:\\\/\\\/www.teadaydreams.com\\\/\"},{\"@type\":\"ListItem\",\"position\":2,\"name\":\"Shop\",\"item\":\"https:\\\/\\\/www.teadaydreams.com\\\/shop\\\/\"},{\"@type\":\"ListItem\",\"position\":3,\"name\":\"Geschenksets\",\"item\":\"https:\\\/\\\/www.teadaydreams.com\\\/product-category\\\/geschenksets\\\/\"},{\"@type\":\"ListItem\",\"position\":4,\"name\":\"Exklusive Wildtee Geschenkbox\"}]},{\"@type\":\"WebSite\",\"@id\":\"https:\\\/\\\/www.teadaydreams.com\\\/de\\\/#website\",\"url\":\"https:\\\/\\\/www.teadaydreams.com\\\/de\\\/\",\"name\":\"teadaydreams\",\"description\":\"Make life a ceremony\",\"publisher\":{\"@id\":\"https:\\\/\\\/www.teadaydreams.com\\\/de\\\/#organization\"},\"potentialAction\":[{\"@type\":\"SearchAction\",\"target\":{\"@type\":\"EntryPoint\",\"urlTemplate\":\"https:\\\/\\\/www.teadaydreams.com\\\/de\\\/?s={search_term_string}\"},\"query-input\":{\"@type\":\"PropertyValueSpecification\",\"valueRequired\":true,\"valueName\":\"search_term_string\"}}],\"inLanguage\":\"de-AT\"},{\"@type\":\"Organization\",\"@id\":\"https:\\\/\\\/www.teadaydreams.com\\\/de\\\/#organization\",\"name\":\"teadaydreams\",\"url\":\"https:\\\/\\\/www.teadaydreams.com\\\/de\\\/\",\"logo\":{\"@type\":\"ImageObject\",\"inLanguage\":\"de-AT\",\"@id\":\"https:\\\/\\\/www.teadaydreams.com\\\/de\\\/#\\\/schema\\\/logo\\\/image\\\/\",\"url\":\"https:\\\/\\\/www.teadaydreams.com\\\/wp-content\\\/uploads\\\/2025\\\/05\\\/logo_header.svg\",\"contentUrl\":\"https:\\\/\\\/www.teadaydreams.com\\\/wp-content\\\/uploads\\\/2025\\\/05\\\/logo_header.svg\",\"width\":600,\"height\":200,\"caption\":\"teadaydreams\"},\"image\":{\"@id\":\"https:\\\/\\\/www.teadaydreams.com\\\/de\\\/#\\\/schema\\\/logo\\\/image\\\/\"}}]}<\/script>\n<!-- \/ Yoast SEO plugin. -->","yoast_head_json":{"title":"Exklusive Wildtee Geschenkbox - teadaydreams","description":"Handgefertigte Keramik, drei Wildtees, viele ruhige Momente.","robots":{"index":"index","follow":"follow","max-snippet":"max-snippet:-1","max-image-preview":"max-image-preview:large","max-video-preview":"max-video-preview:-1"},"canonical":"https:\/\/www.teadaydreams.com\/de\/product\/exklusive-wildtee-geschenkbox\/","og_locale":"de_DE","og_type":"article","og_title":"Exklusive Wildtee Geschenkbox - teadaydreams","og_description":"Handgefertigte Keramik, drei Wildtees, viele ruhige Momente.","og_url":"https:\/\/www.teadaydreams.com\/de\/product\/exklusive-wildtee-geschenkbox\/","og_site_name":"teadaydreams","article_modified_time":"2025-12-22T09:56:53+00:00","og_image":[{"width":1048,"height":1048,"url":"https:\/\/www.teadaydreams.com\/wp-content\/uploads\/2025\/11\/20251124_1158011111.jpg","type":"image\/jpeg"}],"twitter_card":"summary_large_image","twitter_misc":{"Gesch\u00e4tzte Lesezeit":"1 Minute"},"schema":{"@context":"https:\/\/schema.org","@graph":[{"@type":"WebPage","@id":"https:\/\/www.teadaydreams.com\/product\/exklusive-wildtee-geschenkbox\/","url":"https:\/\/www.teadaydreams.com\/product\/exklusive-wildtee-geschenkbox\/","name":"Exklusive Wildtee Geschenkbox - teadaydreams","isPartOf":{"@id":"https:\/\/www.teadaydreams.com\/de\/#website"},"primaryImageOfPage":{"@id":"https:\/\/www.teadaydreams.com\/product\/exklusive-wildtee-geschenkbox\/#primaryimage"},"image":{"@id":"https:\/\/www.teadaydreams.com\/product\/exklusive-wildtee-geschenkbox\/#primaryimage"},"thumbnailUrl":"https:\/\/www.teadaydreams.com\/wp-content\/uploads\/2025\/11\/20251124_1158011111.jpg","datePublished":"2025-11-24T14:16:18+00:00","dateModified":"2025-12-22T09:56:53+00:00","description":"Handgefertigte Keramik, drei Wildtees, viele ruhige Momente.","breadcrumb":{"@id":"https:\/\/www.teadaydreams.com\/product\/exklusive-wildtee-geschenkbox\/#breadcrumb"},"inLanguage":"de-AT","potentialAction":[{"@type":"ReadAction","target":["https:\/\/www.teadaydreams.com\/product\/exklusive-wildtee-geschenkbox\/"]}]},{"@type":"ImageObject","inLanguage":"de-AT","@id":"https:\/\/www.teadaydreams.com\/product\/exklusive-wildtee-geschenkbox\/#primaryimage","url":"https:\/\/www.teadaydreams.com\/wp-content\/uploads\/2025\/11\/20251124_1158011111.jpg","contentUrl":"https:\/\/www.teadaydreams.com\/wp-content\/uploads\/2025\/11\/20251124_1158011111.jpg","width":1048,"height":1048},{"@type":"BreadcrumbList","@id":"https:\/\/www.teadaydreams.com\/product\/exklusive-wildtee-geschenkbox\/#breadcrumb","itemListElement":[{"@type":"ListItem","position":1,"name":"Home","item":"https:\/\/www.teadaydreams.com\/"},{"@type":"ListItem","position":2,"name":"Shop","item":"https:\/\/www.teadaydreams.com\/shop\/"},{"@type":"ListItem","position":3,"name":"Geschenksets","item":"https:\/\/www.teadaydreams.com\/product-category\/geschenksets\/"},{"@type":"ListItem","position":4,"name":"Exklusive Wildtee Geschenkbox"}]},{"@type":"WebSite","@id":"https:\/\/www.teadaydreams.com\/de\/#website","url":"https:\/\/www.teadaydreams.com\/de\/","name":"teadaydreams","description":"Make life a ceremony","publisher":{"@id":"https:\/\/www.teadaydreams.com\/de\/#organization"},"potentialAction":[{"@type":"SearchAction","target":{"@type":"EntryPoint","urlTemplate":"https:\/\/www.teadaydreams.com\/de\/?s={search_term_string}"},"query-input":{"@type":"PropertyValueSpecification","valueRequired":true,"valueName":"search_term_string"}}],"inLanguage":"de-AT"},{"@type":"Organization","@id":"https:\/\/www.teadaydreams.com\/de\/#organization","name":"teadaydreams","url":"https:\/\/www.teadaydreams.com\/de\/","logo":{"@type":"ImageObject","inLanguage":"de-AT","@id":"https:\/\/www.teadaydreams.com\/de\/#\/schema\/logo\/image\/","url":"https:\/\/www.teadaydreams.com\/wp-content\/uploads\/2025\/05\/logo_header.svg","contentUrl":"https:\/\/www.teadaydreams.com\/wp-content\/uploads\/2025\/05\/logo_header.svg","width":600,"height":200,"caption":"teadaydreams"},"image":{"@id":"https:\/\/www.teadaydreams.com\/de\/#\/schema\/logo\/image\/"}}]}},"_links":{"self":[{"href":"https:\/\/www.teadaydreams.com\/de\/wp-json\/wp\/v2\/product\/1816","targetHints":{"allow":["GET"]}}],"collection":[{"href":"https:\/\/www.teadaydreams.com\/de\/wp-json\/wp\/v2\/product"}],"about":[{"href":"https:\/\/www.teadaydreams.com\/de\/wp-json\/wp\/v2\/types\/product"}],"replies":[{"embeddable":true,"href":"https:\/\/www.teadaydreams.com\/de\/wp-json\/wp\/v2\/comments?post=1816"}],"wp:featuredmedia":[{"embeddable":true,"href":"https:\/\/www.teadaydreams.com\/de\/wp-json\/wp\/v2\/media\/1820"}],"wp:attachment":[{"href":"https:\/\/www.teadaydreams.com\/de\/wp-json\/wp\/v2\/media?parent=1816"}],"wp:term":[{"taxonomy":"product_brand","embeddable":true,"href":"https:\/\/www.teadaydreams.com\/de\/wp-json\/wp\/v2\/product_brand?post=1816"},{"taxonomy":"product_cat","embeddable":true,"href":"https:\/\/www.teadaydreams.com\/de\/wp-json\/wp\/v2\/product_cat?post=1816"},{"taxonomy":"product_tag","embeddable":true,"href":"https:\/\/www.teadaydreams.com\/de\/wp-json\/wp\/v2\/product_tag?post=1816"}],"curies":[{"name":"wp","href":"https:\/\/api.w.org\/{rel}","templated":true}]}}