{"id":910,"date":"2025-05-14T07:31:19","date_gmt":"2025-05-14T07:31:19","guid":{"rendered":"https:\/\/www.teadaydreams.com\/?post_type=product&#038;p=910"},"modified":"2026-03-08T15:29:41","modified_gmt":"2026-03-08T15:29:41","slug":"moon-dew","status":"publish","type":"product","link":"https:\/\/www.teadaydreams.com\/de\/product\/moon-dew\/","title":{"rendered":"Moon Dew"},"content":{"rendered":"<p><span style=\"font-family: myopensans;\">Ein asiatisches Sprichwort besagt: &#8220;Nach einem Jahr Tee, nach drei Jahren Medizin, nach sieben Jahren ein Schatz.&#8221;<\/span><\/p>\n<p><span style=\"font-family: myopensans;\">Moon Dew ist \u00fcber mehrere Jahre gereifter <a href=\"https:\/\/www.teadaydreams.com\/product\/morning-dew\/\">Morning Dew<\/a>. Junge Blattknospen werden beim ersten Fr\u00fchlingserwachen in den Bergen Nordvietnams gepfl\u00fcckt, schonend auf Bambusmatten getrocknet und danach f\u00fcr mehrere Jahre in geeigneten Gef\u00e4\u00dfen gelagert. W\u00e4hrend dieser Zeit durchlaufen die Teebl\u00e4tter eine Transformation, die einerseits die Aromen ausbalanciert und andererseits der Wirkung des Tees eine neue, unvergleichliche Tiefe schenkt.<\/span><\/p>\n<p><span style=\"font-family: myopensans;\">Dieser Tee scheint zu sp\u00fcren, was du gerade brauchst &#8211; er kann sanft w\u00e4rmen, aber auch eine angenehm k\u00fchlende Wirkung haben. Nichts in seinem Charakter ist jedoch in irgendeiner Art aufdringlich &#8211; er besitzt die unersch\u00fctterliche St\u00e4rke tiefer innerer Ruhe und schenkt wohltuende Ausgeglichenheit.<\/span><\/p>\n","protected":false},"excerpt":{"rendered":"<p><span style=\"font-family: myopensans;\">Wild gepfl\u00fcckter gereifter Wei\u00dftee aus Vietnam<\/span><\/p>\n","protected":false},"featured_media":1930,"comment_status":"open","ping_status":"closed","template":"","meta":{"_coblocks_attr":"","_coblocks_dimensions":"","_coblocks_responsive_height":"","_coblocks_accordion_ie_support":"","inline_featured_image":false,"_monsterinsights_skip_tracking":false,"_monsterinsights_sitenote_active":false,"_monsterinsights_sitenote_note":"","_monsterinsights_sitenote_category":0,"_kadence_starter_templates_imported_post":false,"_kad_post_transparent":"default","_kad_post_title":"","_kad_post_layout":"default","_kad_post_sidebar_id":"","_kad_post_content_style":"default","_kad_post_vertical_padding":"default","_kad_post_feature":"","_kad_post_feature_position":"","_kad_post_header":false,"_kad_post_footer":false,"_kad_post_classname":""},"product_brand":[],"product_cat":[31],"product_tag":[38,81,40,39,37],"class_list":{"0":"post-910","1":"product","2":"type-product","3":"status-publish","4":"has-post-thumbnail","6":"product_cat-weisser_tee","7":"product_tag-aged","8":"product_tag-balancing","9":"product_tag-soothing","10":"product_tag-white","11":"product_tag-wild","13":"first","14":"instock","15":"featured","16":"shipping-taxable","17":"purchasable","18":"product-type-variable","19":"has-default-attributes","20":"entry","21":"content-bg","22":"loop-entry"},"yoast_head":"<!-- This site is optimized with the Yoast SEO plugin v27.4 - https:\/\/yoast.com\/product\/yoast-seo-wordpress\/ -->\n<title>Moon Dew - teadaydreams<\/title>\n<meta name=\"description\" content=\"Gereifter wild gepfl\u00fcckter Wei\u00dftee aus Vietnam\" \/>\n<meta name=\"robots\" content=\"index, follow, max-snippet:-1, max-image-preview:large, max-video-preview:-1\" \/>\n<link rel=\"canonical\" href=\"https:\/\/www.teadaydreams.com\/de\/product\/moon-dew\/\" \/>\n<meta property=\"og:locale\" content=\"de_DE\" \/>\n<meta property=\"og:type\" content=\"article\" \/>\n<meta property=\"og:title\" content=\"Moon Dew - teadaydreams\" \/>\n<meta property=\"og:description\" content=\"Gereifter wild gepfl\u00fcckter Wei\u00dftee aus Vietnam\" \/>\n<meta property=\"og:url\" content=\"https:\/\/www.teadaydreams.com\/de\/product\/moon-dew\/\" \/>\n<meta property=\"og:site_name\" content=\"teadaydreams\" \/>\n<meta property=\"article:modified_time\" content=\"2026-03-08T15:29:41+00:00\" \/>\n<meta property=\"og:image\" content=\"https:\/\/www.teadaydreams.com\/wp-content\/uploads\/2025\/05\/20251102_10170511.jpg\" \/>\n\t<meta property=\"og:image:width\" content=\"1194\" \/>\n\t<meta property=\"og:image:height\" content=\"1194\" \/>\n\t<meta property=\"og:image:type\" content=\"image\/jpeg\" \/>\n<meta name=\"twitter:card\" content=\"summary_large_image\" \/>\n<meta name=\"twitter:label1\" content=\"Gesch\u00e4tzte Lesezeit\" \/>\n\t<meta name=\"twitter:data1\" content=\"1 Minute\" \/>\n<script type=\"application\/ld+json\" class=\"yoast-schema-graph\">{\"@context\":\"https:\\\/\\\/schema.org\",\"@graph\":[{\"@type\":\"WebPage\",\"@id\":\"https:\\\/\\\/www.teadaydreams.com\\\/product\\\/moon-dew\\\/\",\"url\":\"https:\\\/\\\/www.teadaydreams.com\\\/product\\\/moon-dew\\\/\",\"name\":\"Moon Dew - teadaydreams\",\"isPartOf\":{\"@id\":\"https:\\\/\\\/www.teadaydreams.com\\\/de\\\/#website\"},\"primaryImageOfPage\":{\"@id\":\"https:\\\/\\\/www.teadaydreams.com\\\/product\\\/moon-dew\\\/#primaryimage\"},\"image\":{\"@id\":\"https:\\\/\\\/www.teadaydreams.com\\\/product\\\/moon-dew\\\/#primaryimage\"},\"thumbnailUrl\":\"https:\\\/\\\/www.teadaydreams.com\\\/wp-content\\\/uploads\\\/2025\\\/05\\\/20251102_10170511.jpg\",\"datePublished\":\"2025-05-14T07:31:19+00:00\",\"dateModified\":\"2026-03-08T15:29:41+00:00\",\"description\":\"Gereifter wild gepfl\u00fcckter Wei\u00dftee aus Vietnam\",\"breadcrumb\":{\"@id\":\"https:\\\/\\\/www.teadaydreams.com\\\/product\\\/moon-dew\\\/#breadcrumb\"},\"inLanguage\":\"de-AT\",\"potentialAction\":[{\"@type\":\"ReadAction\",\"target\":[\"https:\\\/\\\/www.teadaydreams.com\\\/product\\\/moon-dew\\\/\"]}]},{\"@type\":\"ImageObject\",\"inLanguage\":\"de-AT\",\"@id\":\"https:\\\/\\\/www.teadaydreams.com\\\/product\\\/moon-dew\\\/#primaryimage\",\"url\":\"https:\\\/\\\/www.teadaydreams.com\\\/wp-content\\\/uploads\\\/2025\\\/05\\\/20251102_10170511.jpg\",\"contentUrl\":\"https:\\\/\\\/www.teadaydreams.com\\\/wp-content\\\/uploads\\\/2025\\\/05\\\/20251102_10170511.jpg\",\"width\":1194,\"height\":1194},{\"@type\":\"BreadcrumbList\",\"@id\":\"https:\\\/\\\/www.teadaydreams.com\\\/product\\\/moon-dew\\\/#breadcrumb\",\"itemListElement\":[{\"@type\":\"ListItem\",\"position\":1,\"name\":\"Home\",\"item\":\"https:\\\/\\\/www.teadaydreams.com\\\/\"},{\"@type\":\"ListItem\",\"position\":2,\"name\":\"Shop\",\"item\":\"https:\\\/\\\/www.teadaydreams.com\\\/shop\\\/\"},{\"@type\":\"ListItem\",\"position\":3,\"name\":\"Tee\",\"item\":\"https:\\\/\\\/www.teadaydreams.com\\\/product-category\\\/tee\\\/\"},{\"@type\":\"ListItem\",\"position\":4,\"name\":\"Wei\u00dfer Tee\",\"item\":\"https:\\\/\\\/www.teadaydreams.com\\\/product-category\\\/tee\\\/weisser_tee\\\/\"},{\"@type\":\"ListItem\",\"position\":5,\"name\":\"Moon Dew\"}]},{\"@type\":\"WebSite\",\"@id\":\"https:\\\/\\\/www.teadaydreams.com\\\/de\\\/#website\",\"url\":\"https:\\\/\\\/www.teadaydreams.com\\\/de\\\/\",\"name\":\"teadaydreams\",\"description\":\"Make life a ceremony\",\"publisher\":{\"@id\":\"https:\\\/\\\/www.teadaydreams.com\\\/de\\\/#organization\"},\"potentialAction\":[{\"@type\":\"SearchAction\",\"target\":{\"@type\":\"EntryPoint\",\"urlTemplate\":\"https:\\\/\\\/www.teadaydreams.com\\\/de\\\/?s={search_term_string}\"},\"query-input\":{\"@type\":\"PropertyValueSpecification\",\"valueRequired\":true,\"valueName\":\"search_term_string\"}}],\"inLanguage\":\"de-AT\"},{\"@type\":\"Organization\",\"@id\":\"https:\\\/\\\/www.teadaydreams.com\\\/de\\\/#organization\",\"name\":\"teadaydreams\",\"url\":\"https:\\\/\\\/www.teadaydreams.com\\\/de\\\/\",\"logo\":{\"@type\":\"ImageObject\",\"inLanguage\":\"de-AT\",\"@id\":\"https:\\\/\\\/www.teadaydreams.com\\\/de\\\/#\\\/schema\\\/logo\\\/image\\\/\",\"url\":\"https:\\\/\\\/www.teadaydreams.com\\\/wp-content\\\/uploads\\\/2025\\\/05\\\/logo_header.svg\",\"contentUrl\":\"https:\\\/\\\/www.teadaydreams.com\\\/wp-content\\\/uploads\\\/2025\\\/05\\\/logo_header.svg\",\"width\":600,\"height\":200,\"caption\":\"teadaydreams\"},\"image\":{\"@id\":\"https:\\\/\\\/www.teadaydreams.com\\\/de\\\/#\\\/schema\\\/logo\\\/image\\\/\"}}]}<\/script>\n<!-- \/ Yoast SEO plugin. -->","yoast_head_json":{"title":"Moon Dew - teadaydreams","description":"Gereifter wild gepfl\u00fcckter Wei\u00dftee aus Vietnam","robots":{"index":"index","follow":"follow","max-snippet":"max-snippet:-1","max-image-preview":"max-image-preview:large","max-video-preview":"max-video-preview:-1"},"canonical":"https:\/\/www.teadaydreams.com\/de\/product\/moon-dew\/","og_locale":"de_DE","og_type":"article","og_title":"Moon Dew - teadaydreams","og_description":"Gereifter wild gepfl\u00fcckter Wei\u00dftee aus Vietnam","og_url":"https:\/\/www.teadaydreams.com\/de\/product\/moon-dew\/","og_site_name":"teadaydreams","article_modified_time":"2026-03-08T15:29:41+00:00","og_image":[{"width":1194,"height":1194,"url":"https:\/\/www.teadaydreams.com\/wp-content\/uploads\/2025\/05\/20251102_10170511.jpg","type":"image\/jpeg"}],"twitter_card":"summary_large_image","twitter_misc":{"Gesch\u00e4tzte Lesezeit":"1 Minute"},"schema":{"@context":"https:\/\/schema.org","@graph":[{"@type":"WebPage","@id":"https:\/\/www.teadaydreams.com\/product\/moon-dew\/","url":"https:\/\/www.teadaydreams.com\/product\/moon-dew\/","name":"Moon Dew - teadaydreams","isPartOf":{"@id":"https:\/\/www.teadaydreams.com\/de\/#website"},"primaryImageOfPage":{"@id":"https:\/\/www.teadaydreams.com\/product\/moon-dew\/#primaryimage"},"image":{"@id":"https:\/\/www.teadaydreams.com\/product\/moon-dew\/#primaryimage"},"thumbnailUrl":"https:\/\/www.teadaydreams.com\/wp-content\/uploads\/2025\/05\/20251102_10170511.jpg","datePublished":"2025-05-14T07:31:19+00:00","dateModified":"2026-03-08T15:29:41+00:00","description":"Gereifter wild gepfl\u00fcckter Wei\u00dftee aus Vietnam","breadcrumb":{"@id":"https:\/\/www.teadaydreams.com\/product\/moon-dew\/#breadcrumb"},"inLanguage":"de-AT","potentialAction":[{"@type":"ReadAction","target":["https:\/\/www.teadaydreams.com\/product\/moon-dew\/"]}]},{"@type":"ImageObject","inLanguage":"de-AT","@id":"https:\/\/www.teadaydreams.com\/product\/moon-dew\/#primaryimage","url":"https:\/\/www.teadaydreams.com\/wp-content\/uploads\/2025\/05\/20251102_10170511.jpg","contentUrl":"https:\/\/www.teadaydreams.com\/wp-content\/uploads\/2025\/05\/20251102_10170511.jpg","width":1194,"height":1194},{"@type":"BreadcrumbList","@id":"https:\/\/www.teadaydreams.com\/product\/moon-dew\/#breadcrumb","itemListElement":[{"@type":"ListItem","position":1,"name":"Home","item":"https:\/\/www.teadaydreams.com\/"},{"@type":"ListItem","position":2,"name":"Shop","item":"https:\/\/www.teadaydreams.com\/shop\/"},{"@type":"ListItem","position":3,"name":"Tee","item":"https:\/\/www.teadaydreams.com\/product-category\/tee\/"},{"@type":"ListItem","position":4,"name":"Wei\u00dfer Tee","item":"https:\/\/www.teadaydreams.com\/product-category\/tee\/weisser_tee\/"},{"@type":"ListItem","position":5,"name":"Moon Dew"}]},{"@type":"WebSite","@id":"https:\/\/www.teadaydreams.com\/de\/#website","url":"https:\/\/www.teadaydreams.com\/de\/","name":"teadaydreams","description":"Make life a ceremony","publisher":{"@id":"https:\/\/www.teadaydreams.com\/de\/#organization"},"potentialAction":[{"@type":"SearchAction","target":{"@type":"EntryPoint","urlTemplate":"https:\/\/www.teadaydreams.com\/de\/?s={search_term_string}"},"query-input":{"@type":"PropertyValueSpecification","valueRequired":true,"valueName":"search_term_string"}}],"inLanguage":"de-AT"},{"@type":"Organization","@id":"https:\/\/www.teadaydreams.com\/de\/#organization","name":"teadaydreams","url":"https:\/\/www.teadaydreams.com\/de\/","logo":{"@type":"ImageObject","inLanguage":"de-AT","@id":"https:\/\/www.teadaydreams.com\/de\/#\/schema\/logo\/image\/","url":"https:\/\/www.teadaydreams.com\/wp-content\/uploads\/2025\/05\/logo_header.svg","contentUrl":"https:\/\/www.teadaydreams.com\/wp-content\/uploads\/2025\/05\/logo_header.svg","width":600,"height":200,"caption":"teadaydreams"},"image":{"@id":"https:\/\/www.teadaydreams.com\/de\/#\/schema\/logo\/image\/"}}]}},"_links":{"self":[{"href":"https:\/\/www.teadaydreams.com\/de\/wp-json\/wp\/v2\/product\/910","targetHints":{"allow":["GET"]}}],"collection":[{"href":"https:\/\/www.teadaydreams.com\/de\/wp-json\/wp\/v2\/product"}],"about":[{"href":"https:\/\/www.teadaydreams.com\/de\/wp-json\/wp\/v2\/types\/product"}],"replies":[{"embeddable":true,"href":"https:\/\/www.teadaydreams.com\/de\/wp-json\/wp\/v2\/comments?post=910"}],"wp:featuredmedia":[{"embeddable":true,"href":"https:\/\/www.teadaydreams.com\/de\/wp-json\/wp\/v2\/media\/1930"}],"wp:attachment":[{"href":"https:\/\/www.teadaydreams.com\/de\/wp-json\/wp\/v2\/media?parent=910"}],"wp:term":[{"taxonomy":"product_brand","embeddable":true,"href":"https:\/\/www.teadaydreams.com\/de\/wp-json\/wp\/v2\/product_brand?post=910"},{"taxonomy":"product_cat","embeddable":true,"href":"https:\/\/www.teadaydreams.com\/de\/wp-json\/wp\/v2\/product_cat?post=910"},{"taxonomy":"product_tag","embeddable":true,"href":"https:\/\/www.teadaydreams.com\/de\/wp-json\/wp\/v2\/product_tag?post=910"}],"curies":[{"name":"wp","href":"https:\/\/api.w.org\/{rel}","templated":true}]}}