{"id":2127,"date":"2026-03-17T14:06:22","date_gmt":"2026-03-17T14:06:22","guid":{"rendered":"https:\/\/www.teadaydreams.com\/?post_type=product&#038;p=2127"},"modified":"2026-03-17T14:11:31","modified_gmt":"2026-03-17T14:11:31","slug":"chawan-aqua-glossy","status":"publish","type":"product","link":"https:\/\/www.teadaydreams.com\/en\/product\/chawan-aqua-glossy\/","title":{"rendered":"Chawan Aqua Glossy"},"content":{"rendered":"<p data-start=\"206\" data-end=\"512\">Handmade Chawan by Petr Jurn\u00ed\u010dek \u2013 a traditional Japanese tea bowl, ideal for preparing matcha. Also suitable for other teas, small dishes, or as a versatile everyday vessel.<\/p>\n<ul data-start=\"514\" data-end=\"684\">\n<li data-section-id=\"49pq5h\" data-start=\"514\" data-end=\"551\">\n<p data-start=\"516\" data-end=\"551\"><strong data-start=\"516\" data-end=\"529\">Material:<\/strong> handmade clay<\/p>\n<\/li>\n<li data-section-id=\"1x3fpus\" data-start=\"602\" data-end=\"636\">\n<p data-start=\"604\" data-end=\"636\"><strong data-start=\"604\" data-end=\"618\">Capacity:<\/strong> ca. 500 ml<\/p>\n<\/li>\n<li data-section-id=\"j855jh\" data-start=\"637\" data-end=\"684\"><strong>Ceramicist<\/strong>: Petr Jurn\u00ed\u010dek<\/li>\n<\/ul>\n<p data-start=\"686\" data-end=\"771\">Each cup is unique and may have slight variations in color and shape.<\/p>","protected":false},"excerpt":{"rendered":"<p>Chawan by Petr Jurn\u00ed\u010dek<\/p>","protected":false},"featured_media":2006,"comment_status":"closed","ping_status":"closed","template":"","meta":{"_coblocks_attr":"","_coblocks_dimensions":"","_coblocks_responsive_height":"","_coblocks_accordion_ie_support":"","inline_featured_image":false,"_monsterinsights_skip_tracking":false,"_monsterinsights_sitenote_active":false,"_monsterinsights_sitenote_note":"","_monsterinsights_sitenote_category":0,"_kadence_starter_templates_imported_post":false,"_kad_post_transparent":"default","_kad_post_title":"","_kad_post_layout":"default","_kad_post_sidebar_id":"","_kad_post_content_style":"default","_kad_post_vertical_padding":"default","_kad_post_feature":"","_kad_post_feature_position":"","_kad_post_header":false,"_kad_post_footer":false,"_kad_post_classname":""},"product_brand":[99],"product_cat":[98],"product_tag":[],"class_list":{"0":"post-2127","1":"product","2":"type-product","3":"status-publish","4":"has-post-thumbnail","6":"product_brand-petr-jurnicek","7":"product_cat-chawans","9":"first","10":"instock","11":"shipping-taxable","12":"purchasable","13":"product-type-variable","14":"entry","15":"content-bg","16":"loop-entry"},"yoast_head":"<!-- This site is optimized with the Yoast SEO plugin v27.4 - https:\/\/yoast.com\/product\/yoast-seo-wordpress\/ -->\n<title>Chawan Aqua Glossy - teadaydreams<\/title>\n<meta name=\"description\" content=\"Handgefertigte chawan von Petr Jurn\u00ed\u010dek\" \/>\n<meta name=\"robots\" content=\"index, follow, max-snippet:-1, max-image-preview:large, max-video-preview:-1\" \/>\n<link rel=\"canonical\" href=\"https:\/\/www.teadaydreams.com\/en\/product\/chawan-aqua-glossy\/\" \/>\n<meta property=\"og:locale\" content=\"en_GB\" \/>\n<meta property=\"og:type\" content=\"article\" \/>\n<meta property=\"og:title\" content=\"Chawan Aqua Glossy - teadaydreams\" \/>\n<meta property=\"og:description\" content=\"Handgefertigte chawan von Petr Jurn\u00ed\u010dek\" \/>\n<meta property=\"og:url\" content=\"https:\/\/www.teadaydreams.com\/en\/product\/chawan-aqua-glossy\/\" \/>\n<meta property=\"og:site_name\" content=\"teadaydreams\" \/>\n<meta property=\"article:modified_time\" content=\"2026-03-17T14:11:31+00:00\" \/>\n<meta property=\"og:image\" content=\"https:\/\/www.teadaydreams.com\/wp-content\/uploads\/2026\/03\/20260316_0908541.jpg\" \/>\n\t<meta property=\"og:image:width\" content=\"1000\" \/>\n\t<meta property=\"og:image:height\" content=\"1000\" \/>\n\t<meta property=\"og:image:type\" content=\"image\/jpeg\" \/>\n<meta name=\"twitter:card\" content=\"summary_large_image\" \/>\n<meta name=\"twitter:label1\" content=\"Estimated reading time\" \/>\n\t<meta name=\"twitter:data1\" content=\"1 minute\" \/>\n<script type=\"application\/ld+json\" class=\"yoast-schema-graph\">{\"@context\":\"https:\\\/\\\/schema.org\",\"@graph\":[{\"@type\":\"WebPage\",\"@id\":\"https:\\\/\\\/www.teadaydreams.com\\\/product\\\/chawan-aqua-glossy\\\/\",\"url\":\"https:\\\/\\\/www.teadaydreams.com\\\/product\\\/chawan-aqua-glossy\\\/\",\"name\":\"Chawan Aqua Glossy - teadaydreams\",\"isPartOf\":{\"@id\":\"https:\\\/\\\/www.teadaydreams.com\\\/de\\\/#website\"},\"primaryImageOfPage\":{\"@id\":\"https:\\\/\\\/www.teadaydreams.com\\\/product\\\/chawan-aqua-glossy\\\/#primaryimage\"},\"image\":{\"@id\":\"https:\\\/\\\/www.teadaydreams.com\\\/product\\\/chawan-aqua-glossy\\\/#primaryimage\"},\"thumbnailUrl\":\"https:\\\/\\\/www.teadaydreams.com\\\/wp-content\\\/uploads\\\/2026\\\/03\\\/20260316_0908541.jpg\",\"datePublished\":\"2026-03-17T14:06:22+00:00\",\"dateModified\":\"2026-03-17T14:11:31+00:00\",\"description\":\"Handgefertigte chawan von Petr Jurn\u00ed\u010dek\",\"breadcrumb\":{\"@id\":\"https:\\\/\\\/www.teadaydreams.com\\\/product\\\/chawan-aqua-glossy\\\/#breadcrumb\"},\"inLanguage\":\"en-GB\",\"potentialAction\":[{\"@type\":\"ReadAction\",\"target\":[\"https:\\\/\\\/www.teadaydreams.com\\\/product\\\/chawan-aqua-glossy\\\/\"]}]},{\"@type\":\"ImageObject\",\"inLanguage\":\"en-GB\",\"@id\":\"https:\\\/\\\/www.teadaydreams.com\\\/product\\\/chawan-aqua-glossy\\\/#primaryimage\",\"url\":\"https:\\\/\\\/www.teadaydreams.com\\\/wp-content\\\/uploads\\\/2026\\\/03\\\/20260316_0908541.jpg\",\"contentUrl\":\"https:\\\/\\\/www.teadaydreams.com\\\/wp-content\\\/uploads\\\/2026\\\/03\\\/20260316_0908541.jpg\",\"width\":1000,\"height\":1000},{\"@type\":\"BreadcrumbList\",\"@id\":\"https:\\\/\\\/www.teadaydreams.com\\\/product\\\/chawan-aqua-glossy\\\/#breadcrumb\",\"itemListElement\":[{\"@type\":\"ListItem\",\"position\":1,\"name\":\"Home\",\"item\":\"https:\\\/\\\/www.teadaydreams.com\\\/\"},{\"@type\":\"ListItem\",\"position\":2,\"name\":\"Shop\",\"item\":\"https:\\\/\\\/www.teadaydreams.com\\\/shop\\\/\"},{\"@type\":\"ListItem\",\"position\":3,\"name\":\"Teegef\u00e4\u00dfe &amp; Zubeh\u00f6r\",\"item\":\"https:\\\/\\\/www.teadaydreams.com\\\/product-category\\\/teegefaesse-zubehoer\\\/\"},{\"@type\":\"ListItem\",\"position\":4,\"name\":\"Chawans\",\"item\":\"https:\\\/\\\/www.teadaydreams.com\\\/product-category\\\/teegefaesse-zubehoer\\\/chawans\\\/\"},{\"@type\":\"ListItem\",\"position\":5,\"name\":\"Chawan Aqua Glossy\"}]},{\"@type\":\"WebSite\",\"@id\":\"https:\\\/\\\/www.teadaydreams.com\\\/de\\\/#website\",\"url\":\"https:\\\/\\\/www.teadaydreams.com\\\/de\\\/\",\"name\":\"teadaydreams\",\"description\":\"Make life a ceremony\",\"publisher\":{\"@id\":\"https:\\\/\\\/www.teadaydreams.com\\\/de\\\/#organization\"},\"potentialAction\":[{\"@type\":\"SearchAction\",\"target\":{\"@type\":\"EntryPoint\",\"urlTemplate\":\"https:\\\/\\\/www.teadaydreams.com\\\/de\\\/?s={search_term_string}\"},\"query-input\":{\"@type\":\"PropertyValueSpecification\",\"valueRequired\":true,\"valueName\":\"search_term_string\"}}],\"inLanguage\":\"en-GB\"},{\"@type\":\"Organization\",\"@id\":\"https:\\\/\\\/www.teadaydreams.com\\\/de\\\/#organization\",\"name\":\"teadaydreams\",\"url\":\"https:\\\/\\\/www.teadaydreams.com\\\/de\\\/\",\"logo\":{\"@type\":\"ImageObject\",\"inLanguage\":\"en-GB\",\"@id\":\"https:\\\/\\\/www.teadaydreams.com\\\/de\\\/#\\\/schema\\\/logo\\\/image\\\/\",\"url\":\"https:\\\/\\\/www.teadaydreams.com\\\/wp-content\\\/uploads\\\/2025\\\/05\\\/logo_header.svg\",\"contentUrl\":\"https:\\\/\\\/www.teadaydreams.com\\\/wp-content\\\/uploads\\\/2025\\\/05\\\/logo_header.svg\",\"width\":600,\"height\":200,\"caption\":\"teadaydreams\"},\"image\":{\"@id\":\"https:\\\/\\\/www.teadaydreams.com\\\/de\\\/#\\\/schema\\\/logo\\\/image\\\/\"}}]}<\/script>\n<!-- \/ Yoast SEO plugin. -->","yoast_head_json":{"title":"Chawan Aqua Glossy - teadaydreams","description":"Handgefertigte chawan von Petr Jurn\u00ed\u010dek","robots":{"index":"index","follow":"follow","max-snippet":"max-snippet:-1","max-image-preview":"max-image-preview:large","max-video-preview":"max-video-preview:-1"},"canonical":"https:\/\/www.teadaydreams.com\/en\/product\/chawan-aqua-glossy\/","og_locale":"en_GB","og_type":"article","og_title":"Chawan Aqua Glossy - teadaydreams","og_description":"Handgefertigte chawan von Petr Jurn\u00ed\u010dek","og_url":"https:\/\/www.teadaydreams.com\/en\/product\/chawan-aqua-glossy\/","og_site_name":"teadaydreams","article_modified_time":"2026-03-17T14:11:31+00:00","og_image":[{"width":1000,"height":1000,"url":"https:\/\/www.teadaydreams.com\/wp-content\/uploads\/2026\/03\/20260316_0908541.jpg","type":"image\/jpeg"}],"twitter_card":"summary_large_image","twitter_misc":{"Estimated reading time":"1 minute"},"schema":{"@context":"https:\/\/schema.org","@graph":[{"@type":"WebPage","@id":"https:\/\/www.teadaydreams.com\/product\/chawan-aqua-glossy\/","url":"https:\/\/www.teadaydreams.com\/product\/chawan-aqua-glossy\/","name":"Chawan Aqua Glossy - teadaydreams","isPartOf":{"@id":"https:\/\/www.teadaydreams.com\/de\/#website"},"primaryImageOfPage":{"@id":"https:\/\/www.teadaydreams.com\/product\/chawan-aqua-glossy\/#primaryimage"},"image":{"@id":"https:\/\/www.teadaydreams.com\/product\/chawan-aqua-glossy\/#primaryimage"},"thumbnailUrl":"https:\/\/www.teadaydreams.com\/wp-content\/uploads\/2026\/03\/20260316_0908541.jpg","datePublished":"2026-03-17T14:06:22+00:00","dateModified":"2026-03-17T14:11:31+00:00","description":"Handgefertigte chawan von Petr Jurn\u00ed\u010dek","breadcrumb":{"@id":"https:\/\/www.teadaydreams.com\/product\/chawan-aqua-glossy\/#breadcrumb"},"inLanguage":"en-GB","potentialAction":[{"@type":"ReadAction","target":["https:\/\/www.teadaydreams.com\/product\/chawan-aqua-glossy\/"]}]},{"@type":"ImageObject","inLanguage":"en-GB","@id":"https:\/\/www.teadaydreams.com\/product\/chawan-aqua-glossy\/#primaryimage","url":"https:\/\/www.teadaydreams.com\/wp-content\/uploads\/2026\/03\/20260316_0908541.jpg","contentUrl":"https:\/\/www.teadaydreams.com\/wp-content\/uploads\/2026\/03\/20260316_0908541.jpg","width":1000,"height":1000},{"@type":"BreadcrumbList","@id":"https:\/\/www.teadaydreams.com\/product\/chawan-aqua-glossy\/#breadcrumb","itemListElement":[{"@type":"ListItem","position":1,"name":"Home","item":"https:\/\/www.teadaydreams.com\/"},{"@type":"ListItem","position":2,"name":"Shop","item":"https:\/\/www.teadaydreams.com\/shop\/"},{"@type":"ListItem","position":3,"name":"Teegef\u00e4\u00dfe &amp; Zubeh\u00f6r","item":"https:\/\/www.teadaydreams.com\/product-category\/teegefaesse-zubehoer\/"},{"@type":"ListItem","position":4,"name":"Chawans","item":"https:\/\/www.teadaydreams.com\/product-category\/teegefaesse-zubehoer\/chawans\/"},{"@type":"ListItem","position":5,"name":"Chawan Aqua Glossy"}]},{"@type":"WebSite","@id":"https:\/\/www.teadaydreams.com\/de\/#website","url":"https:\/\/www.teadaydreams.com\/de\/","name":"teadaydreams","description":"Make life a ceremony","publisher":{"@id":"https:\/\/www.teadaydreams.com\/de\/#organization"},"potentialAction":[{"@type":"SearchAction","target":{"@type":"EntryPoint","urlTemplate":"https:\/\/www.teadaydreams.com\/de\/?s={search_term_string}"},"query-input":{"@type":"PropertyValueSpecification","valueRequired":true,"valueName":"search_term_string"}}],"inLanguage":"en-GB"},{"@type":"Organization","@id":"https:\/\/www.teadaydreams.com\/de\/#organization","name":"teadaydreams","url":"https:\/\/www.teadaydreams.com\/de\/","logo":{"@type":"ImageObject","inLanguage":"en-GB","@id":"https:\/\/www.teadaydreams.com\/de\/#\/schema\/logo\/image\/","url":"https:\/\/www.teadaydreams.com\/wp-content\/uploads\/2025\/05\/logo_header.svg","contentUrl":"https:\/\/www.teadaydreams.com\/wp-content\/uploads\/2025\/05\/logo_header.svg","width":600,"height":200,"caption":"teadaydreams"},"image":{"@id":"https:\/\/www.teadaydreams.com\/de\/#\/schema\/logo\/image\/"}}]}},"_links":{"self":[{"href":"https:\/\/www.teadaydreams.com\/en\/wp-json\/wp\/v2\/product\/2127","targetHints":{"allow":["GET"]}}],"collection":[{"href":"https:\/\/www.teadaydreams.com\/en\/wp-json\/wp\/v2\/product"}],"about":[{"href":"https:\/\/www.teadaydreams.com\/en\/wp-json\/wp\/v2\/types\/product"}],"replies":[{"embeddable":true,"href":"https:\/\/www.teadaydreams.com\/en\/wp-json\/wp\/v2\/comments?post=2127"}],"wp:featuredmedia":[{"embeddable":true,"href":"https:\/\/www.teadaydreams.com\/en\/wp-json\/wp\/v2\/media\/2006"}],"wp:attachment":[{"href":"https:\/\/www.teadaydreams.com\/en\/wp-json\/wp\/v2\/media?parent=2127"}],"wp:term":[{"taxonomy":"product_brand","embeddable":true,"href":"https:\/\/www.teadaydreams.com\/en\/wp-json\/wp\/v2\/product_brand?post=2127"},{"taxonomy":"product_cat","embeddable":true,"href":"https:\/\/www.teadaydreams.com\/en\/wp-json\/wp\/v2\/product_cat?post=2127"},{"taxonomy":"product_tag","embeddable":true,"href":"https:\/\/www.teadaydreams.com\/en\/wp-json\/wp\/v2\/product_tag?post=2127"}],"curies":[{"name":"wp","href":"https:\/\/api.w.org\/{rel}","templated":true}]}}